{"id":131,"date":"2025-01-27T23:27:48","date_gmt":"2025-01-27T23:27:48","guid":{"rendered":"https:\/\/evyra-fx.com\/?page_id=131"},"modified":"2026-01-29T10:59:13","modified_gmt":"2026-01-29T10:59:13","slug":"privatkunden","status":"publish","type":"page","link":"https:\/\/evyra-fx.com\/de\/private\/","title":{"rendered":"Privatkunden"},"content":{"rendered":"<section class=\"hero\">\n            <video class=\"hero__video\" autoplay muted loop playsinline>\n            <source src=\"https:\/\/evyra-fx.com\/wp-content\/uploads\/2025\/02\/evyra_hero_private_services_10sec.mp4\" type=\"video\/mp4\">\n        <\/video>\n        <div class=\"hero__overlay\"><\/div>\n        <div class=\"section-padding\">\n        <div class=\"container\">\n            <div class=\"hero__content\">\n                                    <div class=\"hero__text\">\n                        <h1>Servicios para particulares<\/h1>\n<p>Exklusive Devisenl\u00f6sungen, die darauf ausgelegt sind, Ihre Projekte zu begleiten.<\/p>\n                    <\/div>\n                \n                                    <a href=\"https:\/\/evyrafx.sciopay.co\/clientregistration\" class=\"btn btn--secondary\" target=\"_self\" rel=\"noopener\">\n                        Ein Konto ero\u0308ffnen                    <\/a>\n                            <\/div>\n        <\/div>\n    <\/div>\n<\/section>\n\n\n\r\n<section class=\"services\">\r\n    <div class=\"section-padding\">\r\n        <div class=\"container\">\r\n            <div class=\"services__wrapper\">\r\n\r\n                <div class=\"services__content\">\r\n                                            <div class=\"services__text\">\r\n                            <h2>Servicios para particulares<\/h2>\n<p>Bei Evyra FX verpflichten wir uns, durch unsere vertrauenswu\u0308rdigen Partnerschaften au\u00dfergewo\u0308hnlichen Service zu bieten. Ganz gleich, ob Sie eine einmalige U\u0308berweisung ta\u0308tigen oder eine fortlaufende Unterstu\u0308tzung fu\u0308r Ihre Devisenbedu\u0308rfnisse suchen, unsere Lo\u0308sungen sind auf Ihre spezifischen Anforderungen zugeschnitten.<\/p>\n<p>Privatkunden u\u0308berweisen oft Gelder ins Ausland, beispielsweise fu\u0308r Immobilieninvestitionen, Umzu\u0308ge oder perso\u0308nliche finanzielle Verpflichtungen. Wir verstehen, dass diese Transaktionen komplex und zeitaufwa\u0308ndig sein ko\u0308nnen. Unser engagiertes Team steht Ihnen zur Verfu\u0308gung, um den gesamten Prozess reibungslos und effizient zu verwalten, damit Sie sorgenfrei bleiben ko\u0308nnen.<\/p>\n                        <\/div>\r\n                        <div class=\"services__button\">\r\n                                                            <a href=\"https:\/\/evyra-fx.com\/de\/firmenkunden-dienstleistungen\/\" class=\"btn btn--primary\" target=\"_self\">\r\n                                    Firmenkunden-Dienstleistungen                                <\/a>\r\n                                                    <\/div>\r\n                                    <\/div>\r\n\r\n                <div class=\"services__image\">\r\n                    <img decoding=\"async\" loading=\"lazy\" src=\"https:\/\/evyra-fx.com\/wp-content\/uploads\/2025\/02\/private-services.webp\" alt=\"Services Image\" class=\"services__img\">\r\n                <\/div>\r\n            <\/div>\r\n\r\n            <div class=\"services__grid\">\r\n                                    <div class=\"affl__boxes\">\r\n                                                    <div class=\"affl__box\">\r\n                                                                    <div class=\"affl__box-icon\">\r\n                                        <img decoding=\"async\" loading=\"lazy\" src=\"https:\/\/evyra-fx.com\/wp-content\/uploads\/2025\/01\/chart-bar.svg\" alt=\"Services Image\" class=\"services__img\">\r\n                                    <\/div>\r\n                                \r\n                                                                    <h4 class=\"affl__box-title\">Wettbewerbsfa\u0308hige Wechselkurse<\/h4>\r\n                                \r\n                                                                    <div class=\"affl__box-subtitle\">Wir treten fu\u0308r jede Transaktion gegen den gesamten Markt an.<\/div>\r\n                                                            <\/div>\r\n                                                    <div class=\"affl__box\">\r\n                                                                    <div class=\"affl__box-icon\">\r\n                                        <img decoding=\"async\" loading=\"lazy\" src=\"https:\/\/evyra-fx.com\/wp-content\/uploads\/2025\/01\/coins.svg\" alt=\"Services Image\" class=\"services__img\">\r\n                                    <\/div>\r\n                                \r\n                                                                    <h4 class=\"affl__box-title\">Schnelle Abwicklung<\/h4>\r\n                                \r\n                                                                    <div class=\"affl__box-subtitle\">Abwicklung innerhalb von 24 Stunden, vorbehaltlich des Geldeingangs.<\/div>\r\n                                                            <\/div>\r\n                                                    <div class=\"affl__box\">\r\n                                                                    <div class=\"affl__box-icon\">\r\n                                        <img decoding=\"async\" loading=\"lazy\" src=\"https:\/\/evyra-fx.com\/wp-content\/uploads\/2025\/01\/headset.svg\" alt=\"Services Image\" class=\"services__img\">\r\n                                    <\/div>\r\n                                \r\n                                                                    <h4 class=\"affl__box-title\">Perso\u0308nlicher Kundenbetreuer<\/h4>\r\n                                \r\n                                                                    <div class=\"affl__box-subtitle\">FX-Experten, die Sie in jeder Phase des Prozesses begleiten.<\/div>\r\n                                                            <\/div>\r\n                                            <\/div>\r\n                            <\/div>\r\n        <\/div>\r\n\r\n    <\/div>\r\n<\/section>\n\n\r\n<section class=\"faq\">\r\n    <div class=\"section-padding\">\r\n    <div class=\"container\">\r\n        <div class=\"faq__wrapper\">\r\n            <div class=\"faq-left\">\r\n                <div class=\"faq__text\">\r\n                    <h2>HA\u0308UFIG GESTELLTE FRAGEN<\/h2>\n<p>Entdecken Sie unsere Antworten auf ha\u0308ufig gestellte Fragen, um mehr u\u0308ber Evyra FX zu erfahren.<\/p>\n<p>Wenn Sie weitere Fragen haben, zo\u0308gern Sie nicht, uns direkt zu kontaktieren \u2013 wir sind immer fu\u0308r Sie da.<\/p>\n                <\/div>\r\n\r\n                <div class=\"faq__navigation\">\r\n                    <div class=\"swiper-button-prev\">\r\n                        <svg width=\"47\" height=\"47\" viewbox=\"0 0 47 47\" fill=\"none\" xmlns=\"http:\/\/www.w3.org\/2000\/svg\">\r\n                            <circle cx=\"23.5\" cy=\"23.5\" r=\"23\" transform=\"rotate(-180 23.5 23.5)\" stroke=\"white\"\/>\r\n                            <path d=\"M16.6464 23.6464C16.4512 23.8417 16.4512 24.1583 16.6464 24.3536L19.8284 27.5355C20.0237 27.7308 20.3403 27.7308 20.5355 27.5355C20.7308 27.3403 20.7308 27.0237 20.5355 26.8284L17.7071 24L20.5355 21.1716C20.7308 20.9763 20.7308 20.6597 20.5355 20.4645C20.3403 20.2692 20.0237 20.2692 19.8284 20.4645L16.6464 23.6464ZM30 23.5L17 23.5L17 24.5L30 24.5L30 23.5Z\" fill=\"white\"\/>\r\n                        <\/svg>\r\n                    <\/div>\r\n\r\n                    <div class=\"swiper-button-next\">\r\n                        <svg width=\"47\" height=\"47\" viewbox=\"0 0 47 47\" fill=\"none\" xmlns=\"http:\/\/www.w3.org\/2000\/svg\">\r\n                            <circle cx=\"23.5\" cy=\"23.5\" r=\"23\" stroke=\"white\"\/>\r\n                            <path d=\"M30.3536 23.3536C30.5488 23.1583 30.5488 22.8417 30.3536 22.6464L27.1716 19.4645C26.9763 19.2692 26.6597 19.2692 26.4645 19.4645C26.2692 19.6597 26.2692 19.9763 26.4645 20.1716L29.2929 23L26.4645 25.8284C26.2692 26.0237 26.2692 26.3403 26.4645 26.5355C26.6597 26.7308 26.9763 26.7308 27.1716 26.5355L30.3536 23.3536ZM17 23.5L30 23.5L30 22.5L17 22.5L17 23.5Z\" fill=\"white\"\/>\r\n                        <\/svg>\r\n                    <\/div>\r\n                <\/div>\r\n\r\n            <\/div>\r\n            <div class=\"faq-right\">\r\n                <div class=\"faq__faqs\">\r\n                    <div class=\"swiper faqSlider\">\r\n                        <div class=\"swiper-wrapper\">\r\n                                                                                                                                        <div class=\"swiper-slide\">\r\n                                            <div class=\"faq__block\">\r\n                                                                                                    <div class=\"faq__box\">\r\n                                                        <div class=\"faq__icon\">\r\n                                                            <svg width=\"47\" height=\"47\" viewbox=\"0 0 47 47\" fill=\"none\" xmlns=\"http:\/\/www.w3.org\/2000\/svg\">\r\n                                                                <circle cx=\"23.5\" cy=\"23.5\" r=\"23\" transform=\"rotate(-90 23.5 23.5)\" stroke=\"white\"\/>\r\n                                                                <path d=\"M23.3536 16.6464C23.1583 16.4512 22.8417 16.4512 22.6464 16.6464L19.4645 19.8284C19.2692 20.0237 19.2692 20.3403 19.4645 20.5355C19.6597 20.7308 19.9763 20.7308 20.1716 20.5355L23 17.7071L25.8284 20.5355C26.0237 20.7308 26.3403 20.7308 26.5355 20.5355C26.7308 20.3403 26.7308 20.0237 26.5355 19.8284L23.3536 16.6464ZM23.5 30L23.5 17L22.5 17L22.5 30L23.5 30Z\" fill=\"white\"\/>\r\n                                                            <\/svg>\r\n                                                        <\/div>\r\n                                                        <h3 class=\"faq__question\">Wie ero\u0308ffne ich ein Multiwa\u0308hrungskonto?<\/h3>\r\n                                                        <div class=\"faq__answer\"><p>Klicken Sie einfach auf \u201eRegistrieren\u201c auf unserer Startseite, f\u00fcllen Sie das Online-Formular\naus und folgen Sie den Verifizierungsschritten. Sobald Ihr Konto verifiziert ist, wird es\naktiviert und ist einsatzbereit.<\/p>\n<\/div>\r\n                                                    <\/div>\r\n                                                                                                    <div class=\"faq__box\">\r\n                                                        <div class=\"faq__icon\">\r\n                                                            <svg width=\"47\" height=\"47\" viewbox=\"0 0 47 47\" fill=\"none\" xmlns=\"http:\/\/www.w3.org\/2000\/svg\">\r\n                                                                <circle cx=\"23.5\" cy=\"23.5\" r=\"23\" transform=\"rotate(-90 23.5 23.5)\" stroke=\"white\"\/>\r\n                                                                <path d=\"M23.3536 16.6464C23.1583 16.4512 22.8417 16.4512 22.6464 16.6464L19.4645 19.8284C19.2692 20.0237 19.2692 20.3403 19.4645 20.5355C19.6597 20.7308 19.9763 20.7308 20.1716 20.5355L23 17.7071L25.8284 20.5355C26.0237 20.7308 26.3403 20.7308 26.5355 20.5355C26.7308 20.3403 26.7308 20.0237 26.5355 19.8284L23.3536 16.6464ZM23.5 30L23.5 17L22.5 17L22.5 30L23.5 30Z\" fill=\"white\"\/>\r\n                                                            <\/svg>\r\n                                                        <\/div>\r\n                                                        <h3 class=\"faq__question\">Welche Wa\u0308hrungen kann ich mit Evyra FX halten und u\u0308berweisen?<\/h3>\r\n                                                        <div class=\"faq__answer\"><p>Evyra FX unterst\u00fctzt 56 verschiedene W\u00e4hrungen, darunter wichtige W\u00e4hrungen wie USD,\nCHF, EUR, GBP, JPY und viele mehr<\/p>\n<\/div>\r\n                                                    <\/div>\r\n                                                                                                    <div class=\"faq__box\">\r\n                                                        <div class=\"faq__icon\">\r\n                                                            <svg width=\"47\" height=\"47\" viewbox=\"0 0 47 47\" fill=\"none\" xmlns=\"http:\/\/www.w3.org\/2000\/svg\">\r\n                                                                <circle cx=\"23.5\" cy=\"23.5\" r=\"23\" transform=\"rotate(-90 23.5 23.5)\" stroke=\"white\"\/>\r\n                                                                <path d=\"M23.3536 16.6464C23.1583 16.4512 22.8417 16.4512 22.6464 16.6464L19.4645 19.8284C19.2692 20.0237 19.2692 20.3403 19.4645 20.5355C19.6597 20.7308 19.9763 20.7308 20.1716 20.5355L23 17.7071L25.8284 20.5355C26.0237 20.7308 26.3403 20.7308 26.5355 20.5355C26.7308 20.3403 26.7308 20.0237 26.5355 19.8284L23.3536 16.6464ZM23.5 30L23.5 17L22.5 17L22.5 30L23.5 30Z\" fill=\"white\"\/>\r\n                                                            <\/svg>\r\n                                                        <\/div>\r\n                                                        <h3 class=\"faq__question\">Fallen Gebu\u0308hren fu\u0308r Geldu\u0308berweisungen an?<\/h3>\r\n                                                        <div class=\"faq__answer\"><p>Wir bieten provisionsfreie \u00dcberweisungen ohne versteckte Geb\u00fchren an. Die Wechselkurse,\ndie Sie sehen, sind die Kurse, die Sie erhalten.<\/p>\n<\/div>\r\n                                                    <\/div>\r\n                                                                                                    <div class=\"faq__box\">\r\n                                                        <div class=\"faq__icon\">\r\n                                                            <svg width=\"47\" height=\"47\" viewbox=\"0 0 47 47\" fill=\"none\" xmlns=\"http:\/\/www.w3.org\/2000\/svg\">\r\n                                                                <circle cx=\"23.5\" cy=\"23.5\" r=\"23\" transform=\"rotate(-90 23.5 23.5)\" stroke=\"white\"\/>\r\n                                                                <path d=\"M23.3536 16.6464C23.1583 16.4512 22.8417 16.4512 22.6464 16.6464L19.4645 19.8284C19.2692 20.0237 19.2692 20.3403 19.4645 20.5355C19.6597 20.7308 19.9763 20.7308 20.1716 20.5355L23 17.7071L25.8284 20.5355C26.0237 20.7308 26.3403 20.7308 26.5355 20.5355C26.7308 20.3403 26.7308 20.0237 26.5355 19.8284L23.3536 16.6464ZM23.5 30L23.5 17L22.5 17L22.5 30L23.5 30Z\" fill=\"white\"\/>\r\n                                                            <\/svg>\r\n                                                        <\/div>\r\n                                                        <h3 class=\"faq__question\">Wie schnell sind die U\u0308berweisungen?<\/h3>\r\n                                                        <div class=\"faq__answer\"><p>Abh\u00e4ngig vom Zielort werden die meisten \u00dcberweisungen am selben Tag oder am n\u00e4chsten\nGesch\u00e4ftstag abgeschlossen.<\/p>\n<\/div>\r\n                                                    <\/div>\r\n                                                                                                    <div class=\"faq__box\">\r\n                                                        <div class=\"faq__icon\">\r\n                                                            <svg width=\"47\" height=\"47\" viewbox=\"0 0 47 47\" fill=\"none\" xmlns=\"http:\/\/www.w3.org\/2000\/svg\">\r\n                                                                <circle cx=\"23.5\" cy=\"23.5\" r=\"23\" transform=\"rotate(-90 23.5 23.5)\" stroke=\"white\"\/>\r\n                                                                <path d=\"M23.3536 16.6464C23.1583 16.4512 22.8417 16.4512 22.6464 16.6464L19.4645 19.8284C19.2692 20.0237 19.2692 20.3403 19.4645 20.5355C19.6597 20.7308 19.9763 20.7308 20.1716 20.5355L23 17.7071L25.8284 20.5355C26.0237 20.7308 26.3403 20.7308 26.5355 20.5355C26.7308 20.3403 26.7308 20.0237 26.5355 19.8284L23.3536 16.6464ZM23.5 30L23.5 17L22.5 17L22.5 30L23.5 30Z\" fill=\"white\"\/>\r\n                                                            <\/svg>\r\n                                                        <\/div>\r\n                                                        <h3 class=\"faq__question\">Kann ich einen Wechselkurs fu\u0308r eine zuku\u0308nftige Transaktion festlegen?<\/h3>\r\n                                                        <div class=\"faq__answer\"><p>Ja, wir bieten Termingesch\u00e4fte an, mit denen Sie einen Wechselkurs jetzt f\u00fcr eine zuk\u00fcnftige\nTransaktion sichern k\u00f6nnen, bis zu zwei Jahre im Voraus.<\/p>\n<\/div>\r\n                                                    <\/div>\r\n                                                                                            <\/div>\r\n                                        <\/div>\r\n                                                                                                                        <\/div>\r\n                       \r\n                    <\/div>\r\n                <\/div>\r\n            <\/div>\r\n        <\/div>\r\n    <\/div>\r\n    <\/div>\r\n<\/section>\r\n\n\n\r\n<section class=\"signup\">\r\n    <div class=\"section-padding\">\r\n        <div class=\"container\">\r\n            <div class=\"signup__content\">\r\n                                    <div class=\"signup__text\">\r\n                        <h2>REGISTRIEREN SIE SICH<\/h2>\n<p>Bleiben Sie informiert u\u0308ber unsere Dienstleistungen, Marktneuigkeiten und Veranstaltungen, indem Sie sich jetzt registrieren.<\/p>\n                    <\/div>\r\n                \r\n                <div class=\"signup__shortcode\">\r\n                    \n<div class=\"wpcf7 no-js\" id=\"wpcf7-f148-o1\" lang=\"en-US\" dir=\"ltr\" data-wpcf7-id=\"148\">\n<div class=\"screen-reader-response\"><p role=\"status\" aria-live=\"polite\" aria-atomic=\"true\"><\/p> <ul><\/ul><\/div>\n<form action=\"\/de\/wp-json\/wp\/v2\/pages\/131#wpcf7-f148-o1\" method=\"post\" class=\"wpcf7-form init\" aria-label=\"Contact form\" novalidate=\"novalidate\" data-status=\"init\" data-trp-original-action=\"\/de\/wp-json\/wp\/v2\/pages\/131#wpcf7-f148-o1\">\n<fieldset class=\"hidden-fields-container\"><input type=\"hidden\" name=\"_wpcf7\" value=\"148\" \/><input type=\"hidden\" name=\"_wpcf7_version\" value=\"6.1.5\" \/><input type=\"hidden\" name=\"_wpcf7_locale\" value=\"en_US\" \/><input type=\"hidden\" name=\"_wpcf7_unit_tag\" value=\"wpcf7-f148-o1\" \/><input type=\"hidden\" name=\"_wpcf7_container_post\" value=\"0\" \/><input type=\"hidden\" name=\"_wpcf7_posted_data_hash\" value=\"\" \/><input type=\"hidden\" name=\"_wpcf7_recaptcha_response\" value=\"\" \/>\n<\/fieldset>\n<div class=\"cf\">\n\t<div class=\"cf-item\">\n\t\t<p><span class=\"wpcf7-form-control-wrap\" data-name=\"email-206\"><input size=\"40\" maxlength=\"400\" class=\"wpcf7-form-control wpcf7-email wpcf7-text wpcf7-validates-as-email\" aria-invalid=\"false\" placeholder=\"Geben Sie Ihre E-Mail-Adresse ein...\" value=\"\" type=\"email\" name=\"email-206\" \/><\/span>\n\t\t<\/p>\n\t<\/div>\n\t<div class=\"cf-submit\">\n\t\t<p><input class=\"wpcf7-form-control wpcf7-submit has-spinner\" type=\"submit\" value=\"Absenden\" \/>\n\t\t<\/p>\n\t<\/div>\n<\/div><div class=\"wpcf7-response-output\" aria-hidden=\"true\"><\/div>\n<input type=\"hidden\" name=\"trp-form-language\" value=\"de\"\/><\/form>\n<\/div>\n                <\/div>\r\n            <\/div>\r\n        <\/div>\r\n    <\/div>\r\n<\/section>\r\n\r\n\r\n\n\n\r\n<section class=\"contact\">\r\n<div class=\"section-padding\">\r\n    <div class=\"container\">\r\n        <h2 class=\"contact__title\">Kontakt<\/h2>\r\n       <div class=\"contact__wrapper\">\r\n           <div class=\"contact-left\">\r\n               <div class=\"contact__info\">\r\n                   <h3>EVYRA FX<\/h3>\r\n                   <a href=\"mailto:info@evyra-fx.com\">info@evyra-fx.com<\/a>\r\n                   <a href=\"tel:+41223550068\">+41 22 355 00 68<\/a>\r\n                   <a href=\"https:\/\/maps.google.com\/?q=Rue+du+March%C3%A9+7%2C+1204+Geneva%2C+Switzerland\" target=\"_blank\" rel=\"noopener\">Rue du March\u00e9 7, 1204 Geneva, Switzerland<\/a>\r\n                   <a href=\"https:\/\/maps.google.com\/?q=128%2C+City+Road%2C+EC1V+2NX+London%2C++United+Kingdom\" target=\"_blank\" rel=\"noopener\">128, City Road, EC1V 2NX London,  United Kingdom<\/a>\r\n               <\/div>\r\n               <div class=\"contact__hours\">\r\n                   <h3>O\u0308ffnungszeiten<\/h3>\r\n                   Montag \u2013 Freitag: 8:00 \u2013 18:00 Uhr\nAm Wochenende geschlossen.               <\/div>\r\n\r\n           <\/div>\r\n           <div class=\"contact-right\">\r\n               <h3>Ein Meeting Buchen<\/h3>\r\n               \n<div class=\"wpcf7 no-js\" id=\"wpcf7-f152-o2\" lang=\"en-US\" dir=\"ltr\" data-wpcf7-id=\"152\">\n<div class=\"screen-reader-response\"><p role=\"status\" aria-live=\"polite\" aria-atomic=\"true\"><\/p> <ul><\/ul><\/div>\n<form action=\"\/de\/wp-json\/wp\/v2\/pages\/131#wpcf7-f152-o2\" method=\"post\" class=\"wpcf7-form init\" aria-label=\"Contact form\" novalidate=\"novalidate\" data-status=\"init\" data-trp-original-action=\"\/de\/wp-json\/wp\/v2\/pages\/131#wpcf7-f152-o2\">\n<fieldset class=\"hidden-fields-container\"><input type=\"hidden\" name=\"_wpcf7\" value=\"152\" \/><input type=\"hidden\" name=\"_wpcf7_version\" value=\"6.1.5\" \/><input type=\"hidden\" name=\"_wpcf7_locale\" value=\"en_US\" \/><input type=\"hidden\" name=\"_wpcf7_unit_tag\" value=\"wpcf7-f152-o2\" \/><input type=\"hidden\" name=\"_wpcf7_container_post\" value=\"0\" \/><input type=\"hidden\" name=\"_wpcf7_posted_data_hash\" value=\"\" \/><input type=\"hidden\" name=\"_wpcf7_recaptcha_response\" value=\"\" \/>\n<\/fieldset>\n<div class=\"bam\">\n\n <!-- FULL NAME -->\n\t<div class=\"bam-item\">\n\t\t<div class=\"bam-item-icon\">\n\t\t\t<p><svg width=\"24\" height=\"24\" viewbox=\"0 0 24 24\" fill=\"none\">\n                <path d=\"M20 21C20 17.6863 16.4183 15 12 15C7.58172 15 4 17.6863 4 21M12 11C14.2091 11 16 9.20914 16 7C16 4.79086 14.2091 3 12 3C9.79086 3 8 4.79086 8 7C8 9.20914 9.79086 11 12 11Z\"\n                stroke=\"black\" stroke-opacity=\"0.5\" stroke-width=\"1.5\"\n                stroke-linecap=\"round\" stroke-linejoin=\"round\"\/>\n            <\/svg>\n\t\t\t<\/p>\n\t\t<\/div>\n\t\t<p><span class=\"wpcf7-form-control-wrap\" data-name=\"your-name\"><input size=\"40\" maxlength=\"400\" class=\"wpcf7-form-control wpcf7-text wpcf7-validates-as-required\" aria-required=\"true\" aria-invalid=\"false\" placeholder=\"Full Name *\" value=\"\" type=\"text\" name=\"your-name\" \/><\/span>\n\t\t<\/p>\n\t<\/div>\n\n <!-- COMPANY -->\n\t<div class=\"bam-item\">\n\t\t<div class=\"bam-item-icon\">\n\t\t\t<p><svg width=\"24\" height=\"24\" viewbox=\"0 0 24 24\" fill=\"none\">\n                <path d=\"M3 21H21M5 21V7H19V21M9 7V3H15V7\"\n                stroke=\"black\" stroke-opacity=\"0.5\" stroke-width=\"1.5\"\n                stroke-linecap=\"round\" stroke-linejoin=\"round\"\/>\n            <\/svg>\n\t\t\t<\/p>\n\t\t<\/div>\n\t\t<p><span class=\"wpcf7-form-control-wrap\" data-name=\"company-name\"><input size=\"40\" maxlength=\"400\" class=\"wpcf7-form-control wpcf7-text\" aria-invalid=\"false\" placeholder=\"Company Name (if applicable)\" value=\"\" type=\"text\" name=\"company-name\" \/><\/span>\n\t\t<\/p>\n\t<\/div>\n\n <!-- EMAIL -->\n\t<div class=\"bam-item\">\n\t\t<div class=\"bam-item-icon\">\n\t\t\t<p><svg width=\"24\" height=\"24\" viewbox=\"0 0 24 24\" fill=\"none\">\n                <path d=\"M4 4H20V20H4V4ZM4 4L12 13L20 4\"\n                stroke=\"black\" stroke-opacity=\"0.5\" stroke-width=\"1.5\"\n                stroke-linecap=\"round\" stroke-linejoin=\"round\"\/>\n            <\/svg>\n\t\t\t<\/p>\n\t\t<\/div>\n\t\t<p><span class=\"wpcf7-form-control-wrap\" data-name=\"your-email\"><input size=\"40\" maxlength=\"400\" class=\"wpcf7-form-control wpcf7-email wpcf7-validates-as-required wpcf7-text wpcf7-validates-as-email\" aria-required=\"true\" aria-invalid=\"false\" placeholder=\"Email *\" value=\"\" type=\"email\" name=\"your-email\" \/><\/span>\n\t\t<\/p>\n\t<\/div>\n\n <!-- PHONE (clean version without SVG icon) -->\n\t<div class=\"bam-item phone-clean\">\n\t\t<p><span class=\"wpcf7-form-control-wrap\" data-name=\"your-phone\"><input size=\"40\" class=\"wpcf7-form-control wpcf7-phonetext wpcf7-validates-as-required wpcf7-text wpcf7-validates-as-phonetext\" aria-required=\"true\" aria-invalid=\"false\" placeholder=\"Phone Number *\" value=\"\" type=\"text\" name=\"your-phone\" \/><input type=\"hidden\" name=\"your-phone-country-code\" class=\"wpcf7-phonetext-country-code\" \/><\/span>\n\t\t<\/p>\n\t<\/div>\n\n <!-- MESSAGE -->\n\t<div class=\"bam-item\">\n\t\t<div class=\"bam-item-icon\">\n\t\t\t<p><svg width=\"24\" height=\"24\" viewbox=\"0 0 24 24\" fill=\"none\">\n                <path d=\"M21 15C21 16.1046 20.1046 17 19 17H7L3 21V5C3 3.89543 3.89543 3 5 3H19C20.1046 3 21 3.89543 21 5V15Z\"\n                stroke=\"black\" stroke-opacity=\"0.5\" stroke-width=\"1.5\"\n                stroke-linecap=\"round\" stroke-linejoin=\"round\"\/>\n            <\/svg>\n\t\t\t<\/p>\n\t\t<\/div>\n\t\t<p><span class=\"wpcf7-form-control-wrap\" data-name=\"your-message\"><textarea cols=\"40\" rows=\"10\" maxlength=\"2000\" class=\"wpcf7-form-control wpcf7-textarea wpcf7-validates-as-required\" aria-required=\"true\" aria-invalid=\"false\" placeholder=\"Your Message *\" name=\"your-message\"><\/textarea><\/span>\n\t\t<\/p>\n\t<\/div>\n\t<div class=\"bam-submit\">\n\t\t<p><input class=\"wpcf7-form-control wpcf7-submit has-spinner\" type=\"submit\" value=\"Submit an Enquiry\" \/>\n\t\t<\/p>\n\t<\/div>\n<\/div><div class=\"wpcf7-response-output\" aria-hidden=\"true\"><\/div>\n<input type=\"hidden\" name=\"trp-form-language\" value=\"de\"\/><\/form>\n<\/div>\n           <\/div>\r\n       <\/div>\r\n    <\/div>\r\n<\/div>\r\n<\/section>","protected":false},"excerpt":{"rendered":"","protected":false},"author":1,"featured_media":0,"parent":0,"menu_order":0,"comment_status":"closed","ping_status":"closed","template":"","meta":{"_acf_changed":false,"footnotes":""},"class_list":["post-131","page","type-page","status-publish","hentry"],"acf":[],"_links":{"self":[{"href":"https:\/\/evyra-fx.com\/de\/wp-json\/wp\/v2\/pages\/131","targetHints":{"allow":["GET"]}}],"collection":[{"href":"https:\/\/evyra-fx.com\/de\/wp-json\/wp\/v2\/pages"}],"about":[{"href":"https:\/\/evyra-fx.com\/de\/wp-json\/wp\/v2\/types\/page"}],"author":[{"embeddable":true,"href":"https:\/\/evyra-fx.com\/de\/wp-json\/wp\/v2\/users\/1"}],"replies":[{"embeddable":true,"href":"https:\/\/evyra-fx.com\/de\/wp-json\/wp\/v2\/comments?post=131"}],"version-history":[{"count":12,"href":"https:\/\/evyra-fx.com\/de\/wp-json\/wp\/v2\/pages\/131\/revisions"}],"predecessor-version":[{"id":365,"href":"https:\/\/evyra-fx.com\/de\/wp-json\/wp\/v2\/pages\/131\/revisions\/365"}],"wp:attachment":[{"href":"https:\/\/evyra-fx.com\/de\/wp-json\/wp\/v2\/media?parent=131"}],"curies":[{"name":"wp","href":"https:\/\/api.w.org\/{rel}","templated":true}]}}