{"id":129,"date":"2025-01-27T23:27:41","date_gmt":"2025-01-27T23:27:41","guid":{"rendered":"https:\/\/evyra-fx.com\/?page_id=129"},"modified":"2026-01-22T09:55:04","modified_gmt":"2026-01-22T09:55:04","slug":"services-aux-entreprises","status":"publish","type":"page","link":"https:\/\/evyra-fx.com\/fr\/corporate\/","title":{"rendered":"Entreprise"},"content":{"rendered":"<section class=\"hero\">\n            <video class=\"hero__video\" autoplay muted loop playsinline>\n            <source src=\"https:\/\/evyra-fx.com\/wp-content\/uploads\/2025\/02\/evyra_hero_corporate_services_10sec.mp4\" type=\"video\/mp4\">\n        <\/video>\n        <div class=\"hero__overlay\"><\/div>\n        <div class=\"section-padding\">\n        <div class=\"container\">\n            <div class=\"hero__content\">\n                                    <div class=\"hero__text\">\n                        <h1>Services aux entreprises<\/h1>\n<p>Des solutions de change sur mesure pour des transactions fluides et se\u0301curise\u0301es.<\/p>\n                    <\/div>\n                \n                                    <a href=\"https:\/\/evyrafx.sciopay.co\/clientregistration\" class=\"btn btn--secondary\" target=\"_self\" rel=\"noopener\">\n                        Ouvrir un compte                    <\/a>\n                            <\/div>\n        <\/div>\n    <\/div>\n<\/section>\n\n\n\r\n<section class=\"services\">\r\n    <div class=\"section-padding\">\r\n        <div class=\"container\">\r\n            <div class=\"services__wrapper\">\r\n                <div class=\"services__image\">\r\n                    <img decoding=\"async\" loading=\"lazy\" src=\"https:\/\/evyra-fx.com\/wp-content\/uploads\/2025\/01\/service.webp\" alt=\"Services Image\" class=\"services__img\">\r\n                <\/div>\r\n                <div class=\"services__content\">\r\n                                            <div class=\"services__text\">\r\n                            <h2>Services aux entreprises<\/h2>\n<p>Chez Evyra FX, nous comprenons que des services sp\u00e9cialis\u00e9s en \u00e9change de devises sont essentiels \u00e0 la r\u00e9ussite de nos clients professionnels. Gr\u00e2ce \u00e0 des relations solides d\u00e9velopp\u00e9es avec nos gestionnaires de comptes d\u00e9di\u00e9s, nous offrons un service personnalis\u00e9, adapt\u00e9 \u00e0 vos exigences financi\u00e8res et op\u00e9rationnelles. Notre vaste exp\u00e9rience dans divers secteurs nous procure des perspectives pr\u00e9cieuses sur les besoins en devises des entreprises comme la v\u00f4tre.<\/p>\n<p>Sur le march\u00e9 des changes, o\u00f9 tout \u00e9volue rapidement, le timing est primordial. Nous mettons l'accent sur une communication claire et une transparence totale afin de garantir les meilleurs r\u00e9sultats pour vos transactions. Confiez-nous vos besoins en devises pour que vous puissiez vous concentrer sur ce qui compte vraiment : faire cro\u00eetre votre entreprise.<\/p>\n                        <\/div>\r\n                        <div class=\"services__button\">\r\n                                                            <a href=\"https:\/\/evyra-fx.com\/fr\/services-aux-particuliers\/\" class=\"btn btn--primary\" target=\"_self\">\r\n                                    Services Priv\u00e9s                                <\/a>\r\n                                                    <\/div>\r\n                    \r\n                <\/div>\r\n            <\/div>\r\n\r\n            <div class=\"services__grid\">\r\n                                    <div class=\"affl__boxes\">\r\n                                                    <div class=\"affl__box\">\r\n                                                                    <div class=\"affl__box-icon\">\r\n                                        <img decoding=\"async\" loading=\"lazy\" src=\"https:\/\/evyra-fx.com\/wp-content\/uploads\/2025\/01\/chart-bar.svg\" alt=\"Services Image\" class=\"services__img\">\r\n                                    <\/div>\r\n                                \r\n                                                                    <h4 class=\"affl__box-title\">Des taux de change comp\u00e9titifs<\/h4>\r\n                                \r\n                                                                    <div class=\"affl__box-subtitle\">Nous rivalisons avec l'ensemble du march\u00e9 pour chaque transaction.<\/div>\r\n                                                            <\/div>\r\n                                                    <div class=\"affl__box\">\r\n                                                                    <div class=\"affl__box-icon\">\r\n                                        <img decoding=\"async\" loading=\"lazy\" src=\"https:\/\/evyra-fx.com\/wp-content\/uploads\/2025\/01\/coins.svg\" alt=\"Services Image\" class=\"services__img\">\r\n                                    <\/div>\r\n                                \r\n                                                                    <h4 class=\"affl__box-title\">R\u00e8glement rapide<\/h4>\r\n                                \r\n                                                                    <div class=\"affl__box-subtitle\">Traitement sous 24 heures, sous r\u00e9serve de r\u00e9ception des fonds.<\/div>\r\n                                                            <\/div>\r\n                                                    <div class=\"affl__box\">\r\n                                                                    <div class=\"affl__box-icon\">\r\n                                        <img decoding=\"async\" loading=\"lazy\" src=\"https:\/\/evyra-fx.com\/wp-content\/uploads\/2025\/01\/headset.svg\" alt=\"Services Image\" class=\"services__img\">\r\n                                    <\/div>\r\n                                \r\n                                                                    <h4 class=\"affl__box-title\">Gestionnaire de compte d\u00e9di\u00e9<\/h4>\r\n                                \r\n                                                                    <div class=\"affl__box-subtitle\">Des courtiers FX qui accompagnent vos clients \u00e0 chaque \u00e9tape du processus.<\/div>\r\n                                                            <\/div>\r\n                                            <\/div>\r\n                            <\/div>\r\n        <\/div>\r\n\r\n    <\/div>\r\n<\/section>\n\n\r\n<section class=\"faq\">\r\n    <div class=\"section-padding\">\r\n    <div class=\"container\">\r\n        <div class=\"faq__wrapper\">\r\n            <div class=\"faq-left\">\r\n                <div class=\"faq__text\">\r\n                    <h2>QUESTIONS FRE\u0301QUEMMENT POSE\u0301ES<\/h2>\n<p>De\u0301couvrez nos re\u0301ponses aux questions fre\u0301quemment pose\u0301es pour en savoir plus sur Evyra FX.\u2028<\/p>\n<p>Si vous avez d'autres questions, n'he\u0301sitez pas a\u0300 nous contacter directement \u2014 nous sommes toujours la\u0300 pour vous aider.<\/p>\n                <\/div>\r\n\r\n                <div class=\"faq__navigation\">\r\n                    <div class=\"swiper-button-prev\">\r\n                        <svg width=\"47\" height=\"47\" viewbox=\"0 0 47 47\" fill=\"none\" xmlns=\"http:\/\/www.w3.org\/2000\/svg\">\r\n                            <circle cx=\"23.5\" cy=\"23.5\" r=\"23\" transform=\"rotate(-180 23.5 23.5)\" stroke=\"white\"\/>\r\n                            <path d=\"M16.6464 23.6464C16.4512 23.8417 16.4512 24.1583 16.6464 24.3536L19.8284 27.5355C20.0237 27.7308 20.3403 27.7308 20.5355 27.5355C20.7308 27.3403 20.7308 27.0237 20.5355 26.8284L17.7071 24L20.5355 21.1716C20.7308 20.9763 20.7308 20.6597 20.5355 20.4645C20.3403 20.2692 20.0237 20.2692 19.8284 20.4645L16.6464 23.6464ZM30 23.5L17 23.5L17 24.5L30 24.5L30 23.5Z\" fill=\"white\"\/>\r\n                        <\/svg>\r\n                    <\/div>\r\n\r\n                    <div class=\"swiper-button-next\">\r\n                        <svg width=\"47\" height=\"47\" viewbox=\"0 0 47 47\" fill=\"none\" xmlns=\"http:\/\/www.w3.org\/2000\/svg\">\r\n                            <circle cx=\"23.5\" cy=\"23.5\" r=\"23\" stroke=\"white\"\/>\r\n                            <path d=\"M30.3536 23.3536C30.5488 23.1583 30.5488 22.8417 30.3536 22.6464L27.1716 19.4645C26.9763 19.2692 26.6597 19.2692 26.4645 19.4645C26.2692 19.6597 26.2692 19.9763 26.4645 20.1716L29.2929 23L26.4645 25.8284C26.2692 26.0237 26.2692 26.3403 26.4645 26.5355C26.6597 26.7308 26.9763 26.7308 27.1716 26.5355L30.3536 23.3536ZM17 23.5L30 23.5L30 22.5L17 22.5L17 23.5Z\" fill=\"white\"\/>\r\n                        <\/svg>\r\n                    <\/div>\r\n                <\/div>\r\n\r\n            <\/div>\r\n            <div class=\"faq-right\">\r\n                <div class=\"faq__faqs\">\r\n                    <div class=\"swiper faqSlider\">\r\n                        <div class=\"swiper-wrapper\">\r\n                                                                                                                                        <div class=\"swiper-slide\">\r\n                                            <div class=\"faq__block\">\r\n                                                                                                    <div class=\"faq__box\">\r\n                                                        <div class=\"faq__icon\">\r\n                                                            <svg width=\"47\" height=\"47\" viewbox=\"0 0 47 47\" fill=\"none\" xmlns=\"http:\/\/www.w3.org\/2000\/svg\">\r\n                                                                <circle cx=\"23.5\" cy=\"23.5\" r=\"23\" transform=\"rotate(-90 23.5 23.5)\" stroke=\"white\"\/>\r\n                                                                <path d=\"M23.3536 16.6464C23.1583 16.4512 22.8417 16.4512 22.6464 16.6464L19.4645 19.8284C19.2692 20.0237 19.2692 20.3403 19.4645 20.5355C19.6597 20.7308 19.9763 20.7308 20.1716 20.5355L23 17.7071L25.8284 20.5355C26.0237 20.7308 26.3403 20.7308 26.5355 20.5355C26.7308 20.3403 26.7308 20.0237 26.5355 19.8284L23.3536 16.6464ZM23.5 30L23.5 17L22.5 17L22.5 30L23.5 30Z\" fill=\"white\"\/>\r\n                                                            <\/svg>\r\n                                                        <\/div>\r\n                                                        <h3 class=\"faq__question\">Comment ouvrir un compte multi-devises ?<\/h3>\r\n                                                        <div class=\"faq__answer\"><p>Cliquez simplement sur \u00ab S'inscrire \u00bb sur notre page d'accueil, remplissez le formulaire en\nligne et suivez les \u00e9tapes de v\u00e9rification. Une fois votre compte v\u00e9rifi\u00e9, il sera activ\u00e9 et pr\u00eat \u00e0\n\u00eatre utilis\u00e9<\/p>\n<\/div>\r\n                                                    <\/div>\r\n                                                                                                    <div class=\"faq__box\">\r\n                                                        <div class=\"faq__icon\">\r\n                                                            <svg width=\"47\" height=\"47\" viewbox=\"0 0 47 47\" fill=\"none\" xmlns=\"http:\/\/www.w3.org\/2000\/svg\">\r\n                                                                <circle cx=\"23.5\" cy=\"23.5\" r=\"23\" transform=\"rotate(-90 23.5 23.5)\" stroke=\"white\"\/>\r\n                                                                <path d=\"M23.3536 16.6464C23.1583 16.4512 22.8417 16.4512 22.6464 16.6464L19.4645 19.8284C19.2692 20.0237 19.2692 20.3403 19.4645 20.5355C19.6597 20.7308 19.9763 20.7308 20.1716 20.5355L23 17.7071L25.8284 20.5355C26.0237 20.7308 26.3403 20.7308 26.5355 20.5355C26.7308 20.3403 26.7308 20.0237 26.5355 19.8284L23.3536 16.6464ZM23.5 30L23.5 17L22.5 17L22.5 30L23.5 30Z\" fill=\"white\"\/>\r\n                                                            <\/svg>\r\n                                                        <\/div>\r\n                                                        <h3 class=\"faq__question\">Quelles devises puis-je de\u0301tenir et transfe\u0301rer avec Evyra FX ?<\/h3>\r\n                                                        <div class=\"faq__answer\"><p>Evyra FX prend en charge 56 devises diff\u00e9rentes, y compris les principales devises comme\nl'USD, le CHF, l'EUR, la GBP, le JPY, et bien d'autres.<\/p>\n<\/div>\r\n                                                    <\/div>\r\n                                                                                                    <div class=\"faq__box\">\r\n                                                        <div class=\"faq__icon\">\r\n                                                            <svg width=\"47\" height=\"47\" viewbox=\"0 0 47 47\" fill=\"none\" xmlns=\"http:\/\/www.w3.org\/2000\/svg\">\r\n                                                                <circle cx=\"23.5\" cy=\"23.5\" r=\"23\" transform=\"rotate(-90 23.5 23.5)\" stroke=\"white\"\/>\r\n                                                                <path d=\"M23.3536 16.6464C23.1583 16.4512 22.8417 16.4512 22.6464 16.6464L19.4645 19.8284C19.2692 20.0237 19.2692 20.3403 19.4645 20.5355C19.6597 20.7308 19.9763 20.7308 20.1716 20.5355L23 17.7071L25.8284 20.5355C26.0237 20.7308 26.3403 20.7308 26.5355 20.5355C26.7308 20.3403 26.7308 20.0237 26.5355 19.8284L23.3536 16.6464ZM23.5 30L23.5 17L22.5 17L22.5 30L23.5 30Z\" fill=\"white\"\/>\r\n                                                            <\/svg>\r\n                                                        <\/div>\r\n                                                        <h3 class=\"faq__question\">Y a-t-il des frais pour les transferts d'argent ?<\/h3>\r\n                                                        <div class=\"faq__answer\"><p>Nous offrons des transferts sans commission et sans frais cach\u00e9s. Les taux de change affich\u00e9s\nsont ceux que vous obtiendrez.<\/p>\n<\/div>\r\n                                                    <\/div>\r\n                                                                                                    <div class=\"faq__box\">\r\n                                                        <div class=\"faq__icon\">\r\n                                                            <svg width=\"47\" height=\"47\" viewbox=\"0 0 47 47\" fill=\"none\" xmlns=\"http:\/\/www.w3.org\/2000\/svg\">\r\n                                                                <circle cx=\"23.5\" cy=\"23.5\" r=\"23\" transform=\"rotate(-90 23.5 23.5)\" stroke=\"white\"\/>\r\n                                                                <path d=\"M23.3536 16.6464C23.1583 16.4512 22.8417 16.4512 22.6464 16.6464L19.4645 19.8284C19.2692 20.0237 19.2692 20.3403 19.4645 20.5355C19.6597 20.7308 19.9763 20.7308 20.1716 20.5355L23 17.7071L25.8284 20.5355C26.0237 20.7308 26.3403 20.7308 26.5355 20.5355C26.7308 20.3403 26.7308 20.0237 26.5355 19.8284L23.3536 16.6464ZM23.5 30L23.5 17L22.5 17L22.5 30L23.5 30Z\" fill=\"white\"\/>\r\n                                                            <\/svg>\r\n                                                        <\/div>\r\n                                                        <h3 class=\"faq__question\">Quelle est la rapidite\u0301 des transferts ?<\/h3>\r\n                                                        <div class=\"faq__answer\"><p>Selon la destination, la plupart des transferts sont effectu\u00e9s le jour m\u00eame ou le jour ouvrable\nsuivant.<\/p>\n<\/div>\r\n                                                    <\/div>\r\n                                                                                                    <div class=\"faq__box\">\r\n                                                        <div class=\"faq__icon\">\r\n                                                            <svg width=\"47\" height=\"47\" viewbox=\"0 0 47 47\" fill=\"none\" xmlns=\"http:\/\/www.w3.org\/2000\/svg\">\r\n                                                                <circle cx=\"23.5\" cy=\"23.5\" r=\"23\" transform=\"rotate(-90 23.5 23.5)\" stroke=\"white\"\/>\r\n                                                                <path d=\"M23.3536 16.6464C23.1583 16.4512 22.8417 16.4512 22.6464 16.6464L19.4645 19.8284C19.2692 20.0237 19.2692 20.3403 19.4645 20.5355C19.6597 20.7308 19.9763 20.7308 20.1716 20.5355L23 17.7071L25.8284 20.5355C26.0237 20.7308 26.3403 20.7308 26.5355 20.5355C26.7308 20.3403 26.7308 20.0237 26.5355 19.8284L23.3536 16.6464ZM23.5 30L23.5 17L22.5 17L22.5 30L23.5 30Z\" fill=\"white\"\/>\r\n                                                            <\/svg>\r\n                                                        <\/div>\r\n                                                        <h3 class=\"faq__question\">Puis-je verrouiller un taux de change pour une transaction future ?<\/h3>\r\n                                                        <div class=\"faq__answer\"><p>Oui, nous proposons des contrats \u00e0 terme qui vous permettent de s\u00e9curiser un taux d\u00e8s\nmaintenant pour une transaction \u00e0 une date ult\u00e9rieure, jusqu'\u00e0 deux ans \u00e0 l'avance<\/p>\n<\/div>\r\n                                                    <\/div>\r\n                                                                                            <\/div>\r\n                                        <\/div>\r\n                                                                                                                        <\/div>\r\n                       \r\n                    <\/div>\r\n                <\/div>\r\n            <\/div>\r\n        <\/div>\r\n    <\/div>\r\n    <\/div>\r\n<\/section>\r\n\n\n\r\n<section class=\"signup\">\r\n    <div class=\"section-padding\">\r\n        <div class=\"container\">\r\n            <div class=\"signup__content\">\r\n                                    <div class=\"signup__text\">\r\n                        <h2>INSCRIVEZ-VOUS<\/h2>\n<p>Restez informe\u0301 sur nos services, les actualite\u0301s du marche\u0301 et nos e\u0301ve\u0301nements en vous inscrivant de\u0300s maintenant.<\/p>\n                    <\/div>\r\n                \r\n                <div class=\"signup__shortcode\">\r\n                    \n<div class=\"wpcf7 no-js\" id=\"wpcf7-f148-o1\" lang=\"en-US\" dir=\"ltr\" data-wpcf7-id=\"148\">\n<div class=\"screen-reader-response\"><p role=\"status\" aria-live=\"polite\" aria-atomic=\"true\"><\/p> <ul><\/ul><\/div>\n<form action=\"\/fr\/wp-json\/wp\/v2\/pages\/129#wpcf7-f148-o1\" method=\"post\" class=\"wpcf7-form init\" aria-label=\"Contact form\" novalidate=\"novalidate\" data-status=\"init\" data-trp-original-action=\"\/fr\/wp-json\/wp\/v2\/pages\/129#wpcf7-f148-o1\">\n<fieldset class=\"hidden-fields-container\"><input type=\"hidden\" name=\"_wpcf7\" value=\"148\" \/><input type=\"hidden\" name=\"_wpcf7_version\" value=\"6.1.5\" \/><input type=\"hidden\" name=\"_wpcf7_locale\" value=\"en_US\" \/><input type=\"hidden\" name=\"_wpcf7_unit_tag\" value=\"wpcf7-f148-o1\" \/><input type=\"hidden\" name=\"_wpcf7_container_post\" value=\"0\" \/><input type=\"hidden\" name=\"_wpcf7_posted_data_hash\" value=\"\" \/><input type=\"hidden\" name=\"_wpcf7_recaptcha_response\" value=\"\" \/>\n<\/fieldset>\n<div class=\"cf\">\n\t<div class=\"cf-item\">\n\t\t<p><span class=\"wpcf7-form-control-wrap\" data-name=\"email-206\"><input size=\"40\" maxlength=\"400\" class=\"wpcf7-form-control wpcf7-email wpcf7-text wpcf7-validates-as-email\" aria-invalid=\"false\" placeholder=\"Entrez votre adresse e-mail...\" value=\"\" type=\"email\" name=\"email-206\" \/><\/span>\n\t\t<\/p>\n\t<\/div>\n\t<div class=\"cf-submit\">\n\t\t<p><input class=\"wpcf7-form-control wpcf7-submit has-spinner\" type=\"submit\" value=\"Envoyer\" \/>\n\t\t<\/p>\n\t<\/div>\n<\/div><div class=\"wpcf7-response-output\" aria-hidden=\"true\"><\/div>\n<input type=\"hidden\" name=\"trp-form-language\" value=\"fr\"\/><\/form>\n<\/div>\n                <\/div>\r\n            <\/div>\r\n        <\/div>\r\n    <\/div>\r\n<\/section>\r\n\r\n\r\n\n\n\r\n<section class=\"contact\">\r\n<div class=\"section-padding\">\r\n    <div class=\"container\">\r\n        <h2 class=\"contact__title\">Contact<\/h2>\r\n       <div class=\"contact__wrapper\">\r\n           <div class=\"contact-left\">\r\n               <div class=\"contact__info\">\r\n                   <h3>EVYRA FX<\/h3>\r\n                   <a href=\"mailto:info@evyra-fx.com\">info@evyra-fx.com<\/a>\r\n                   <a href=\"tel:+41223550068\">+41 22 355 00 68<\/a>\r\n                   <a href=\"https:\/\/maps.google.com\/?q=Rue+du+March%C3%A9+7%2C+1204+Geneva%2C+Switzerland\" target=\"_blank\" rel=\"noopener\">Rue du March\u00e9 7, 1204 Geneva, Switzerland<\/a>\r\n                   <a href=\"https:\/\/maps.google.com\/?q=128%2C+City+Road%2C+EC1V+2NX+London%2C++United+Kingdom\" target=\"_blank\" rel=\"noopener\">128, City Road, EC1V 2NX London,  United Kingdom<\/a>\r\n               <\/div>\r\n               <div class=\"contact__hours\">\r\n                   <h3>Horaires d'ouverture<\/h3>\r\n                   Lundi \u2013 Vendredi : 8h00 \u2013 18h00\nFerme\u0301 le week-end.               <\/div>\r\n\r\n           <\/div>\r\n           <div class=\"contact-right\">\r\n               <h3>Planifier une r\u00e9union<\/h3>\r\n               \n<div class=\"wpcf7 no-js\" id=\"wpcf7-f152-o2\" lang=\"en-US\" dir=\"ltr\" data-wpcf7-id=\"152\">\n<div class=\"screen-reader-response\"><p role=\"status\" aria-live=\"polite\" aria-atomic=\"true\"><\/p> <ul><\/ul><\/div>\n<form action=\"\/fr\/wp-json\/wp\/v2\/pages\/129#wpcf7-f152-o2\" method=\"post\" class=\"wpcf7-form init\" aria-label=\"Contact form\" novalidate=\"novalidate\" data-status=\"init\" data-trp-original-action=\"\/fr\/wp-json\/wp\/v2\/pages\/129#wpcf7-f152-o2\">\n<fieldset class=\"hidden-fields-container\"><input type=\"hidden\" name=\"_wpcf7\" value=\"152\" \/><input type=\"hidden\" name=\"_wpcf7_version\" value=\"6.1.5\" \/><input type=\"hidden\" name=\"_wpcf7_locale\" value=\"en_US\" \/><input type=\"hidden\" name=\"_wpcf7_unit_tag\" value=\"wpcf7-f152-o2\" \/><input type=\"hidden\" name=\"_wpcf7_container_post\" value=\"0\" \/><input type=\"hidden\" name=\"_wpcf7_posted_data_hash\" value=\"\" \/><input type=\"hidden\" name=\"_wpcf7_recaptcha_response\" value=\"\" \/>\n<\/fieldset>\n<div class=\"bam\">\n\n <!-- FULL NAME -->\n\t<div class=\"bam-item\">\n\t\t<div class=\"bam-item-icon\">\n\t\t\t<p><svg width=\"24\" height=\"24\" viewbox=\"0 0 24 24\" fill=\"none\">\n                <path d=\"M20 21C20 17.6863 16.4183 15 12 15C7.58172 15 4 17.6863 4 21M12 11C14.2091 11 16 9.20914 16 7C16 4.79086 14.2091 3 12 3C9.79086 3 8 4.79086 8 7C8 9.20914 9.79086 11 12 11Z\"\n                stroke=\"black\" stroke-opacity=\"0.5\" stroke-width=\"1.5\"\n                stroke-linecap=\"round\" stroke-linejoin=\"round\"\/>\n            <\/svg>\n\t\t\t<\/p>\n\t\t<\/div>\n\t\t<p><span class=\"wpcf7-form-control-wrap\" data-name=\"your-name\"><input size=\"40\" maxlength=\"400\" class=\"wpcf7-form-control wpcf7-text wpcf7-validates-as-required\" aria-required=\"true\" aria-invalid=\"false\" placeholder=\"Full Name *\" value=\"\" type=\"text\" name=\"your-name\" \/><\/span>\n\t\t<\/p>\n\t<\/div>\n\n <!-- COMPANY -->\n\t<div class=\"bam-item\">\n\t\t<div class=\"bam-item-icon\">\n\t\t\t<p><svg width=\"24\" height=\"24\" viewbox=\"0 0 24 24\" fill=\"none\">\n                <path d=\"M3 21H21M5 21V7H19V21M9 7V3H15V7\"\n                stroke=\"black\" stroke-opacity=\"0.5\" stroke-width=\"1.5\"\n                stroke-linecap=\"round\" stroke-linejoin=\"round\"\/>\n            <\/svg>\n\t\t\t<\/p>\n\t\t<\/div>\n\t\t<p><span class=\"wpcf7-form-control-wrap\" data-name=\"company-name\"><input size=\"40\" maxlength=\"400\" class=\"wpcf7-form-control wpcf7-text\" aria-invalid=\"false\" placeholder=\"Company Name (if applicable)\" value=\"\" type=\"text\" name=\"company-name\" \/><\/span>\n\t\t<\/p>\n\t<\/div>\n\n <!-- EMAIL -->\n\t<div class=\"bam-item\">\n\t\t<div class=\"bam-item-icon\">\n\t\t\t<p><svg width=\"24\" height=\"24\" viewbox=\"0 0 24 24\" fill=\"none\">\n                <path d=\"M4 4H20V20H4V4ZM4 4L12 13L20 4\"\n                stroke=\"black\" stroke-opacity=\"0.5\" stroke-width=\"1.5\"\n                stroke-linecap=\"round\" stroke-linejoin=\"round\"\/>\n            <\/svg>\n\t\t\t<\/p>\n\t\t<\/div>\n\t\t<p><span class=\"wpcf7-form-control-wrap\" data-name=\"your-email\"><input size=\"40\" maxlength=\"400\" class=\"wpcf7-form-control wpcf7-email wpcf7-validates-as-required wpcf7-text wpcf7-validates-as-email\" aria-required=\"true\" aria-invalid=\"false\" placeholder=\"Email *\" value=\"\" type=\"email\" name=\"your-email\" \/><\/span>\n\t\t<\/p>\n\t<\/div>\n\n <!-- PHONE (clean version without SVG icon) -->\n\t<div class=\"bam-item phone-clean\">\n\t\t<p><span class=\"wpcf7-form-control-wrap\" data-name=\"your-phone\"><input size=\"40\" class=\"wpcf7-form-control wpcf7-phonetext wpcf7-validates-as-required wpcf7-text wpcf7-validates-as-phonetext\" aria-required=\"true\" aria-invalid=\"false\" placeholder=\"Phone Number *\" value=\"\" type=\"text\" name=\"your-phone\" \/><input type=\"hidden\" name=\"your-phone-country-code\" class=\"wpcf7-phonetext-country-code\" \/><\/span>\n\t\t<\/p>\n\t<\/div>\n\n <!-- MESSAGE -->\n\t<div class=\"bam-item\">\n\t\t<div class=\"bam-item-icon\">\n\t\t\t<p><svg width=\"24\" height=\"24\" viewbox=\"0 0 24 24\" fill=\"none\">\n                <path d=\"M21 15C21 16.1046 20.1046 17 19 17H7L3 21V5C3 3.89543 3.89543 3 5 3H19C20.1046 3 21 3.89543 21 5V15Z\"\n                stroke=\"black\" stroke-opacity=\"0.5\" stroke-width=\"1.5\"\n                stroke-linecap=\"round\" stroke-linejoin=\"round\"\/>\n            <\/svg>\n\t\t\t<\/p>\n\t\t<\/div>\n\t\t<p><span class=\"wpcf7-form-control-wrap\" data-name=\"your-message\"><textarea cols=\"40\" rows=\"10\" maxlength=\"2000\" class=\"wpcf7-form-control wpcf7-textarea wpcf7-validates-as-required\" aria-required=\"true\" aria-invalid=\"false\" placeholder=\"Your Message *\" name=\"your-message\"><\/textarea><\/span>\n\t\t<\/p>\n\t<\/div>\n\t<div class=\"bam-submit\">\n\t\t<p><input class=\"wpcf7-form-control wpcf7-submit has-spinner\" type=\"submit\" value=\"Submit an Enquiry\" \/>\n\t\t<\/p>\n\t<\/div>\n<\/div><div class=\"wpcf7-response-output\" aria-hidden=\"true\"><\/div>\n<input type=\"hidden\" name=\"trp-form-language\" value=\"fr\"\/><\/form>\n<\/div>\n           <\/div>\r\n       <\/div>\r\n    <\/div>\r\n<\/div>\r\n<\/section>","protected":false},"excerpt":{"rendered":"","protected":false},"author":1,"featured_media":0,"parent":0,"menu_order":0,"comment_status":"closed","ping_status":"closed","template":"","meta":{"_acf_changed":false,"footnotes":""},"class_list":["post-129","page","type-page","status-publish","hentry"],"acf":[],"_links":{"self":[{"href":"https:\/\/evyra-fx.com\/fr\/wp-json\/wp\/v2\/pages\/129","targetHints":{"allow":["GET"]}}],"collection":[{"href":"https:\/\/evyra-fx.com\/fr\/wp-json\/wp\/v2\/pages"}],"about":[{"href":"https:\/\/evyra-fx.com\/fr\/wp-json\/wp\/v2\/types\/page"}],"author":[{"embeddable":true,"href":"https:\/\/evyra-fx.com\/fr\/wp-json\/wp\/v2\/users\/1"}],"replies":[{"embeddable":true,"href":"https:\/\/evyra-fx.com\/fr\/wp-json\/wp\/v2\/comments?post=129"}],"version-history":[{"count":9,"href":"https:\/\/evyra-fx.com\/fr\/wp-json\/wp\/v2\/pages\/129\/revisions"}],"predecessor-version":[{"id":358,"href":"https:\/\/evyra-fx.com\/fr\/wp-json\/wp\/v2\/pages\/129\/revisions\/358"}],"wp:attachment":[{"href":"https:\/\/evyra-fx.com\/fr\/wp-json\/wp\/v2\/media?parent=129"}],"curies":[{"name":"wp","href":"https:\/\/api.w.org\/{rel}","templated":true}]}}